{"id":285,"date":"2018-05-17T16:26:47","date_gmt":"2018-05-17T16:26:47","guid":{"rendered":"http:\/\/raumausstattung-zilke.de\/?page_id=285"},"modified":"2018-05-21T12:17:47","modified_gmt":"2018-05-21T12:17:47","slug":"service","status":"publish","type":"page","link":"http:\/\/raumausstattung-zilke.de\/?page_id=285","title":{"rendered":"Service"},"content":{"rendered":"<h4 class=\"module h1\">Das Serviceangebot von Zilke Raumausstattung<\/h4>\n<p class=\"module h2\">Sie haben Probleme mit Ihrem Plissee? Schicken Sie uns einfach ein Foto (\u00fcber Mobil oder E-Mail) und wir beraten Sie dann gerne telefonisch oder pers\u00f6nlich.<\/p>\n<p>&nbsp;<\/p>\n<div class=\"module usp clear\">\n<ul class=\"columns clear\">\n<li class=\"column column-33\">Individuelle Beratung<\/li>\n<li class=\"column column-33\">Beratung vor Ort<\/li>\n<li class=\"column column-33\">Plissee-Reparatur<\/li>\n<li class=\"column column-33\">Plisseestoff-Austausch<\/li>\n<li class=\"column column-33\">Plisseeanlagen-K\u00fcrzungen<\/li>\n<li class=\"column column-33\">Plissee-Ersatzteile erh\u00e4ltlich<\/li>\n<\/ul>\n<\/div>\n","protected":false},"excerpt":{"rendered":"<p>Das Serviceangebot von Zilke Raumausstattung Sie haben Probleme mit Ihrem Plissee? Schicken Sie uns einfach ein Foto (\u00fcber Mobil oder E-Mail) und wir beraten Sie dann gerne telefonisch oder pers\u00f6nlich. &nbsp; Individuelle Beratung Beratung vor Ort Plissee-Reparatur Plisseestoff-Austausch Plisseeanlagen-K\u00fcrzungen Plissee-Ersatzteile erh\u00e4ltlich<\/p>\n","protected":false},"author":1,"featured_media":0,"parent":0,"menu_order":0,"comment_status":"closed","ping_status":"closed","template":"","meta":{"footnotes":""},"_links":{"self":[{"href":"http:\/\/raumausstattung-zilke.de\/index.php?rest_route=\/wp\/v2\/pages\/285"}],"collection":[{"href":"http:\/\/raumausstattung-zilke.de\/index.php?rest_route=\/wp\/v2\/pages"}],"about":[{"href":"http:\/\/raumausstattung-zilke.de\/index.php?rest_route=\/wp\/v2\/types\/page"}],"author":[{"embeddable":true,"href":"http:\/\/raumausstattung-zilke.de\/index.php?rest_route=\/wp\/v2\/users\/1"}],"replies":[{"embeddable":true,"href":"http:\/\/raumausstattung-zilke.de\/index.php?rest_route=%2Fwp%2Fv2%2Fcomments&post=285"}],"version-history":[{"count":3,"href":"http:\/\/raumausstattung-zilke.de\/index.php?rest_route=\/wp\/v2\/pages\/285\/revisions"}],"predecessor-version":[{"id":429,"href":"http:\/\/raumausstattung-zilke.de\/index.php?rest_route=\/wp\/v2\/pages\/285\/revisions\/429"}],"wp:attachment":[{"href":"http:\/\/raumausstattung-zilke.de\/index.php?rest_route=%2Fwp%2Fv2%2Fmedia&parent=285"}],"curies":[{"name":"wp","href":"https:\/\/api.w.org\/{rel}","templated":true}]}}