{"id":277,"date":"2018-05-17T16:23:44","date_gmt":"2018-05-17T16:23:44","guid":{"rendered":"http:\/\/raumausstattung-zilke.de\/?page_id=277"},"modified":"2018-05-17T16:23:44","modified_gmt":"2018-05-17T16:23:44","slug":"impressum","status":"publish","type":"page","link":"http:\/\/raumausstattung-zilke.de\/?page_id=277","title":{"rendered":"Impressum"},"content":{"rendered":"<article class=\"module text\"><strong>Zilke Raumausstattung<\/strong><br \/>\nTulpenstra\u00dfe 61<br \/>\n26903 SurwoldTelefon: <a href=\"tel:04965214462\" data-track-event=\"click\" data-track-action=\"tapToCall\">04965 21 44 62<\/a><br \/>\nTelefax: <a href=\"tel:04965214456\" data-track-event=\"click\" data-track-action=\"tapToCall\">04965 21 44 56<\/a><br \/>\nE-Mail: <a href=\"mailto:info@raumausstattung-zilke.com\" data-track-event=\"click\" data-track-action=\"tapToEmail\">info@raumausstattung-zilke.com<\/a><\/p>\n<p>Steuernummer: 53\/150\/01705<\/p>\n<\/article>\n<h4>Haftung f\u00fcr Links<\/h4>\n<p class=\"bodytext\">Unser Angebot enth\u00e4lt Links zu externen Webseiten Dritter, auf deren Inhalte wir keinen Einfluss haben. Deshalb k\u00f6nnen wir f\u00fcr diese fremden Inhalte auch keine Gew\u00e4hr \u00fcbernehmen. F\u00fcr die Inhalte der verlinkten Seiten ist stets der jeweilige Anbieter oder Betreiber der Seiten verantwortlich. Die verlinkten Seiten wurden zum Zeitpunkt der Verlinkung auf m\u00f6gliche Rechtsverst\u00f6\u00dfe \u00fcberpr\u00fcft. Rechtswidrige Inhalte waren zum Zeitpunkt der Verlinkung nicht erkennbar. Eine permanente inhaltliche Kontrolle der verlinkten Seiten ist jedoch ohne konkrete Anhaltspunkte einer Rechtsverletzung nicht zumutbar. Bei bekannt werden von Rechtsverletzungen werden wir derartige Links umgehend entfernen.<\/p>\n","protected":false},"excerpt":{"rendered":"<p>Zilke Raumausstattung Tulpenstra\u00dfe 61 26903 SurwoldTelefon: 04965 21 44 62 Telefax: 04965 21 44 56 E-Mail: info@raumausstattung-zilke.com Steuernummer: 53\/150\/01705 Haftung f\u00fcr Links Unser Angebot enth\u00e4lt Links zu externen Webseiten Dritter, auf deren Inhalte wir keinen Einfluss haben. Deshalb k\u00f6nnen wir f\u00fcr diese fremden Inhalte auch keine Gew\u00e4hr \u00fcbernehmen. F\u00fcr die Inhalte der verlinkten Seiten ist &hellip; <\/p>\n<p class=\"link-more\"><a href=\"http:\/\/raumausstattung-zilke.de\/?page_id=277\" class=\"more-link\"><span class=\"screen-reader-text\">\u201eImpressum\u201c <\/span>weiterlesen<\/a><\/p>\n","protected":false},"author":1,"featured_media":0,"parent":0,"menu_order":0,"comment_status":"closed","ping_status":"closed","template":"","meta":{"footnotes":""},"_links":{"self":[{"href":"http:\/\/raumausstattung-zilke.de\/index.php?rest_route=\/wp\/v2\/pages\/277"}],"collection":[{"href":"http:\/\/raumausstattung-zilke.de\/index.php?rest_route=\/wp\/v2\/pages"}],"about":[{"href":"http:\/\/raumausstattung-zilke.de\/index.php?rest_route=\/wp\/v2\/types\/page"}],"author":[{"embeddable":true,"href":"http:\/\/raumausstattung-zilke.de\/index.php?rest_route=\/wp\/v2\/users\/1"}],"replies":[{"embeddable":true,"href":"http:\/\/raumausstattung-zilke.de\/index.php?rest_route=%2Fwp%2Fv2%2Fcomments&post=277"}],"version-history":[{"count":1,"href":"http:\/\/raumausstattung-zilke.de\/index.php?rest_route=\/wp\/v2\/pages\/277\/revisions"}],"predecessor-version":[{"id":278,"href":"http:\/\/raumausstattung-zilke.de\/index.php?rest_route=\/wp\/v2\/pages\/277\/revisions\/278"}],"wp:attachment":[{"href":"http:\/\/raumausstattung-zilke.de\/index.php?rest_route=%2Fwp%2Fv2%2Fmedia&parent=277"}],"curies":[{"name":"wp","href":"https:\/\/api.w.org\/{rel}","templated":true}]}}